{"id":5500,"date":"2024-10-31T15:15:48","date_gmt":"2024-10-31T14:15:48","guid":{"rendered":"https:\/\/www.shore-experience.com\/magazine\/puertos-y-destinos\/palermo\/"},"modified":"2024-10-31T19:41:44","modified_gmt":"2024-10-31T18:41:44","slug":"palermo","status":"publish","type":"page","link":"https:\/\/www.shore-experience.com\/magazine\/es\/puertos-y-destinos\/palermo\/","title":{"rendered":"Palermo"},"content":{"rendered":"\t\t<div data-elementor-type=\"wp-page\" data-elementor-id=\"5500\" class=\"elementor elementor-5500 elementor-5469\">\n\t\t\t\t\t\t<section class=\"penci-section penci-disSticky penci-structure-10 elementor-section elementor-top-section elementor-element elementor-element-20c5014 elementor-section-boxed elementor-section-height-default elementor-section-height-default\" data-id=\"20c5014\" data-element_type=\"section\">\n\t\t\t\t\t\t<div class=\"elementor-container elementor-column-gap-default\">\n\t\t\t\t\t<div class=\"penci-ercol-100 penci-ercol-order-1 penci-sticky-ct    elementor-column elementor-col-100 elementor-top-column elementor-element elementor-element-57bed70\" data-id=\"57bed70\" data-element_type=\"column\">\n\t\t\t<div class=\"elementor-widget-wrap elementor-element-populated\">\n\t\t\t\t\t\t<div class=\"elementor-element elementor-element-242a8aa penci-h-poswrap-center penci-v-poswrap-middle elementor-widget elementor-widget-penci-custom-sliders\" data-id=\"242a8aa\" data-element_type=\"widget\" data-widget_type=\"penci-custom-sliders.default\">\n\t\t\t\t<div class=\"elementor-widget-container\">\n\t\t\t<div class=\"penci-block-vc penci-custom-slides\"><div class=\"penci-block_content penci-slides-wrap swiper penci-owl-carousel penci-owl-carousel-slider pcdots-dots\"  data-items=\"1\" data-auto=\"true\" data-autotime=\"8000\" data-speed=\"800\" data-anim=\"slide\" data-ceffect=\"swing\" data-seffect=\"creative\"><div class=\"swiper-wrapper\"><div class=\"swiper-slide elementor-repeater-item-ee510d3 penci-ctslide-wrap\"><div class=\"penci-custom-slide\"><div class=\"penci-ctslide-bg\"><\/div><div class=\"penci-ctslide-inner\"><div class=\"penci-ctslider-bg-overlay\"><\/div><div class=\"penci-ctslider-content penci-fadeInUp\"><h2 class=\"pencislider-title\">GUIA ALIMENTARIA<\/h2><div class=\"penci-slider_btnwrap\"><a class=\"pencislider-btn pencislider-btn-1 penci-button\" href=\"https:\/\/www.shore-experience.com\/es\/food-drinks-tour-enogastronomicos\/\" target=\"_blank\"><span>Reserva ahora tu excursi\u00f3n<\/span><\/a><\/div><\/div><\/div><\/div><\/div><div class=\"swiper-slide elementor-repeater-item-58807f6 penci-ctslide-wrap\"><div class=\"penci-custom-slide\"><div class=\"penci-ctslide-bg\"><\/div><div class=\"penci-ctslide-inner\"><div class=\"penci-ctslider-bg-overlay\"><\/div><div class=\"penci-ctslider-content penci-fadeInUp\"><h2 class=\"pencislider-title\">EXCURSION DESDE EL PUERTO<\/h2><div class=\"penci-slider_btnwrap\"><a class=\"pencislider-btn pencislider-btn-1 penci-button\" href=\"https:\/\/www.shore-experience.com\/es\/excursiones\/\" target=\"_blank\"><span>Reserva ahora tu excursi\u00f3n<\/span><\/a><\/div><\/div><\/div><\/div><\/div><div class=\"swiper-slide elementor-repeater-item-dcf38ed penci-ctslide-wrap\"><div class=\"penci-custom-slide\"><div class=\"penci-ctslide-bg\"><\/div><div class=\"penci-ctslide-inner\"><div class=\"penci-ctslider-bg-overlay\"><\/div><div class=\"penci-ctslider-content penci-fadeInUp\"><h2 class=\"pencislider-title\">QUE VISITAR<\/h2><div class=\"penci-slider_btnwrap\"><a class=\"pencislider-btn pencislider-btn-1 penci-button\" href=\"https:\/\/www.shore-experience.com\/es\/visitas-guiadas\/\" target=\"_blank\"><span>Reserva ahora tu excursi\u00f3n<\/span><\/a><\/div><\/div><\/div><\/div><\/div><\/div><\/div><\/div>\t\t<\/div>\n\t\t\t\t<\/div>\n\t\t\t\t\t<\/div>\n\t\t<\/div>\n\t\t\t\t\t<\/div>\n\t\t<\/section>\n\t\t\t\t<section class=\"penci-section penci-disSticky penci-structure-10 elementor-section elementor-top-section elementor-element elementor-element-5e29642 elementor-section-boxed elementor-section-height-default elementor-section-height-default\" data-id=\"5e29642\" data-element_type=\"section\">\n\t\t\t\t\t\t<div class=\"elementor-container elementor-column-gap-default\">\n\t\t\t\t\t<div class=\"penci-ercol-100 penci-ercol-order-1 penci-sticky-ct    elementor-column elementor-col-100 elementor-top-column elementor-element elementor-element-f7a5d4c\" data-id=\"f7a5d4c\" data-element_type=\"column\">\n\t\t\t<div class=\"elementor-widget-wrap elementor-element-populated\">\n\t\t\t\t\t\t<div class=\"elementor-element elementor-element-d15ff8f elementor-widget elementor-widget-penci-big-grid\" data-id=\"d15ff8f\" data-element_type=\"widget\" data-widget_type=\"penci-big-grid.default\">\n\t\t\t\t<div class=\"elementor-widget-container\">\n\t\t\t        <div class=\"penci-clearfix penci-biggrid-wrapper penci-grid-col-3 penci-grid-tcol-2 penci-grid-mcol-1 penci-bgrid-based-post penci-bgrid-style-1 pcbg-ficonpo-top-right pcbg-reiconpo-top-left penci-bgrid-content-on pencibg-imageh-zoom-in pencibg-texth-none pencibg-textani-movetop textop\">\r\n\t\t\t            <div class=\"penci-clearfix penci-biggrid penci-bgstyle-1 penci-bgel\">\r\n                <div class=\"penci-biggrid-inner default\">\r\n\t\t\t\t\t<div class=\"penci-clearfix penci-biggrid-data penci-dflex\"><div class=\"penci-bgitem\">\r\n    <div class=\"penci-bgitin\">\r\n        <div class=\"penci-bgmain\">\r\n            <div class=\"pcbg-thumb\">\r\n\t\t\t\t\t\t\t\t                <div class=\"pcbg-thumbin\">\r\n                    <a class=\"pcbg-bgoverlay\"\r\n                       href=\"https:\/\/www.shore-experience.com\/magazine\/es\/semana-santa-en-palermo-que-hacer-una-vez-atracado-en-la-ciudad\/\" title=\"Semana Santa en Palermo: qu\u00e9 hacer una vez atracado en la Ciudad\"><\/a>\r\n\t\t\t\t\t                        <div class=\"penci-image-holder penci-lazy\"                             data-bgset=\"https:\/\/www.shore-experience.com\/magazine\/wp-content\/uploads\/2025\/04\/AdobeStock_190909985-585x367.jpeg\" data_bg_hidpi=\"https:\/\/www.shore-experience.com\/magazine\/wp-content\/uploads\/2025\/04\/AdobeStock_190909985-585x367.jpeg\"\r\n                             data-sizes=\"(max-width: 767px) 585px, 585px\">\r\n                        <\/div>\r\n\t\t\t\t\t                <\/div>\r\n            <\/div>\r\n            <div class=\"pcbg-content\">\r\n                <div class=\"pcbg-content-flex\">\r\n                    <a class=\"pcbg-bgoverlay active-overlay\"\r\n                       href=\"https:\/\/www.shore-experience.com\/magazine\/es\/semana-santa-en-palermo-que-hacer-una-vez-atracado-en-la-ciudad\/\" title=\"Semana Santa en Palermo: qu\u00e9 hacer una vez atracado en la Ciudad\"><\/a>\r\n                    <div class=\"pcbg-content-inner bgcontent-block\">\r\n                        <a href=\"https:\/\/www.shore-experience.com\/magazine\/es\/semana-santa-en-palermo-que-hacer-una-vez-atracado-en-la-ciudad\/\" title=\"Semana Santa en Palermo: qu\u00e9 hacer una vez atracado en la Ciudad\"\r\n                           class=\"pcbg-bgoverlaytext item-hover\"><\/a>\r\n\r\n\t\t\t\t\t\t\r\n\t\t\t\t\t\t                            <div class=\"pcbg-heading item-hover\">\r\n                                <h3 class=\"pcbg-title\">\r\n                                    <a href=\"https:\/\/www.shore-experience.com\/magazine\/es\/semana-santa-en-palermo-que-hacer-una-vez-atracado-en-la-ciudad\/\">\r\n\t\t\t\t\t\t\t\t\t\tSemana Santa en Palermo: qu\u00e9 hacer una vez atracado en la Ciudad                                    <\/a>\r\n                                <\/h3>\r\n                            <\/div>\r\n\t\t\t\t\t\t\r\n\t\t\t\t\t\t\r\n\t\t\t\t\t\t                    <\/div>\r\n                <\/div>\r\n            <\/div>\r\n        <\/div>\r\n    <\/div>\r\n<\/div>\r\n<div class=\"penci-bgitem\">\r\n    <div class=\"penci-bgitin\">\r\n        <div class=\"penci-bgmain\">\r\n            <div class=\"pcbg-thumb\">\r\n\t\t\t\t\t\t\t\t                <div class=\"pcbg-thumbin\">\r\n                    <a class=\"pcbg-bgoverlay\"\r\n                       href=\"https:\/\/www.shore-experience.com\/magazine\/es\/italia-en-invierno-consejos-para-cruceristas-a-napoles-palermo-y-roma\/\" title=\"Italia en invierno: consejos para cruceristas a N\u00e1poles, Palermo y Roma\"><\/a>\r\n\t\t\t\t\t                        <div class=\"penci-image-holder penci-lazy\"                             data-bgset=\"https:\/\/www.shore-experience.com\/magazine\/wp-content\/uploads\/2024\/10\/AdobeStock_461402659-585x878.jpeg\" data_bg_hidpi=\"https:\/\/www.shore-experience.com\/magazine\/wp-content\/uploads\/2024\/10\/AdobeStock_461402659-585x878.jpeg\"\r\n                             data-sizes=\"(max-width: 767px) 585px, 585px\">\r\n                        <\/div>\r\n\t\t\t\t\t                <\/div>\r\n            <\/div>\r\n            <div class=\"pcbg-content\">\r\n                <div class=\"pcbg-content-flex\">\r\n                    <a class=\"pcbg-bgoverlay active-overlay\"\r\n                       href=\"https:\/\/www.shore-experience.com\/magazine\/es\/italia-en-invierno-consejos-para-cruceristas-a-napoles-palermo-y-roma\/\" title=\"Italia en invierno: consejos para cruceristas a N\u00e1poles, Palermo y Roma\"><\/a>\r\n                    <div class=\"pcbg-content-inner bgcontent-block\">\r\n                        <a href=\"https:\/\/www.shore-experience.com\/magazine\/es\/italia-en-invierno-consejos-para-cruceristas-a-napoles-palermo-y-roma\/\" title=\"Italia en invierno: consejos para cruceristas a N\u00e1poles, Palermo y Roma\"\r\n                           class=\"pcbg-bgoverlaytext item-hover\"><\/a>\r\n\r\n\t\t\t\t\t\t\r\n\t\t\t\t\t\t                            <div class=\"pcbg-heading item-hover\">\r\n                                <h3 class=\"pcbg-title\">\r\n                                    <a href=\"https:\/\/www.shore-experience.com\/magazine\/es\/italia-en-invierno-consejos-para-cruceristas-a-napoles-palermo-y-roma\/\">\r\n\t\t\t\t\t\t\t\t\t\tItalia en invierno: consejos para cruceristas a N\u00e1poles, Palermo y Roma                                    <\/a>\r\n                                <\/h3>\r\n                            <\/div>\r\n\t\t\t\t\t\t\r\n\t\t\t\t\t\t\r\n\t\t\t\t\t\t                    <\/div>\r\n                <\/div>\r\n            <\/div>\r\n        <\/div>\r\n    <\/div>\r\n<\/div>\r\n<div class=\"penci-bgitem\">\r\n    <div class=\"penci-bgitin\">\r\n        <div class=\"penci-bgmain\">\r\n            <div class=\"pcbg-thumb\">\r\n\t\t\t\t\t\t\t\t                <div class=\"pcbg-thumbin\">\r\n                    <a class=\"pcbg-bgoverlay\"\r\n                       href=\"https:\/\/www.shore-experience.com\/magazine\/es\/el-espiritu-festivo-de-palermo-descubre-las-ricas-tradiciones-de-sicilia\/\" title=\"El esp\u00edritu festivo de Palermo: descubre las ricas tradiciones de Sicilia\"><\/a>\r\n\t\t\t\t\t                        <div class=\"penci-image-holder penci-lazy\"                             data-bgset=\"https:\/\/www.shore-experience.com\/magazine\/wp-content\/uploads\/2024\/08\/AdobeStock_465669033-585x329.jpeg\" data_bg_hidpi=\"https:\/\/www.shore-experience.com\/magazine\/wp-content\/uploads\/2024\/08\/AdobeStock_465669033-585x329.jpeg\"\r\n                             data-sizes=\"(max-width: 767px) 585px, 585px\">\r\n                        <\/div>\r\n\t\t\t\t\t                <\/div>\r\n            <\/div>\r\n            <div class=\"pcbg-content\">\r\n                <div class=\"pcbg-content-flex\">\r\n                    <a class=\"pcbg-bgoverlay active-overlay\"\r\n                       href=\"https:\/\/www.shore-experience.com\/magazine\/es\/el-espiritu-festivo-de-palermo-descubre-las-ricas-tradiciones-de-sicilia\/\" title=\"El esp\u00edritu festivo de Palermo: descubre las ricas tradiciones de Sicilia\"><\/a>\r\n                    <div class=\"pcbg-content-inner bgcontent-block\">\r\n                        <a href=\"https:\/\/www.shore-experience.com\/magazine\/es\/el-espiritu-festivo-de-palermo-descubre-las-ricas-tradiciones-de-sicilia\/\" title=\"El esp\u00edritu festivo de Palermo: descubre las ricas tradiciones de Sicilia\"\r\n                           class=\"pcbg-bgoverlaytext item-hover\"><\/a>\r\n\r\n\t\t\t\t\t\t\r\n\t\t\t\t\t\t                            <div class=\"pcbg-heading item-hover\">\r\n                                <h3 class=\"pcbg-title\">\r\n                                    <a href=\"https:\/\/www.shore-experience.com\/magazine\/es\/el-espiritu-festivo-de-palermo-descubre-las-ricas-tradiciones-de-sicilia\/\">\r\n\t\t\t\t\t\t\t\t\t\tEl esp\u00edritu festivo de Palermo: descubre las ricas tradiciones de Sicilia                                    <\/a>\r\n                                <\/h3>\r\n                            <\/div>\r\n\t\t\t\t\t\t\r\n\t\t\t\t\t\t\r\n\t\t\t\t\t\t                    <\/div>\r\n                <\/div>\r\n            <\/div>\r\n        <\/div>\r\n    <\/div>\r\n<\/div>\r\n<div class=\"penci-bgitem\">\r\n    <div class=\"penci-bgitin\">\r\n        <div class=\"penci-bgmain\">\r\n            <div class=\"pcbg-thumb\">\r\n\t\t\t\t\t\t\t\t                <div class=\"pcbg-thumbin\">\r\n                    <a class=\"pcbg-bgoverlay\"\r\n                       href=\"https:\/\/www.shore-experience.com\/magazine\/es\/palermo-descubriendo-la-historica-ciudad-portuaria-de-sicilia\/\" title=\"Palermo: descubriendo la hist\u00f3rica ciudad portuaria de Sicilia\"><\/a>\r\n\t\t\t\t\t                        <div class=\"penci-image-holder penci-lazy\"                             data-bgset=\"https:\/\/www.shore-experience.com\/magazine\/wp-content\/uploads\/2024\/08\/AdobeStock_651007323_Editorial_Use_Only-585x329.jpeg\" data_bg_hidpi=\"https:\/\/www.shore-experience.com\/magazine\/wp-content\/uploads\/2024\/08\/AdobeStock_651007323_Editorial_Use_Only-585x329.jpeg\"\r\n                             data-sizes=\"(max-width: 767px) 585px, 585px\">\r\n                        <\/div>\r\n\t\t\t\t\t                <\/div>\r\n            <\/div>\r\n            <div class=\"pcbg-content\">\r\n                <div class=\"pcbg-content-flex\">\r\n                    <a class=\"pcbg-bgoverlay active-overlay\"\r\n                       href=\"https:\/\/www.shore-experience.com\/magazine\/es\/palermo-descubriendo-la-historica-ciudad-portuaria-de-sicilia\/\" title=\"Palermo: descubriendo la hist\u00f3rica ciudad portuaria de Sicilia\"><\/a>\r\n                    <div class=\"pcbg-content-inner bgcontent-block\">\r\n                        <a href=\"https:\/\/www.shore-experience.com\/magazine\/es\/palermo-descubriendo-la-historica-ciudad-portuaria-de-sicilia\/\" title=\"Palermo: descubriendo la hist\u00f3rica ciudad portuaria de Sicilia\"\r\n                           class=\"pcbg-bgoverlaytext item-hover\"><\/a>\r\n\r\n\t\t\t\t\t\t\r\n\t\t\t\t\t\t                            <div class=\"pcbg-heading item-hover\">\r\n                                <h3 class=\"pcbg-title\">\r\n                                    <a href=\"https:\/\/www.shore-experience.com\/magazine\/es\/palermo-descubriendo-la-historica-ciudad-portuaria-de-sicilia\/\">\r\n\t\t\t\t\t\t\t\t\t\tPalermo: descubriendo la hist\u00f3rica ciudad portuaria de Sicilia                                    <\/a>\r\n                                <\/h3>\r\n                            <\/div>\r\n\t\t\t\t\t\t\r\n\t\t\t\t\t\t\r\n\t\t\t\t\t\t                    <\/div>\r\n                <\/div>\r\n            <\/div>\r\n        <\/div>\r\n    <\/div>\r\n<\/div>\r\n<div class=\"penci-bgitem\">\r\n    <div class=\"penci-bgitin\">\r\n        <div class=\"penci-bgmain\">\r\n            <div class=\"pcbg-thumb\">\r\n\t\t\t\t\t\t\t\t                <div class=\"pcbg-thumbin\">\r\n                    <a class=\"pcbg-bgoverlay\"\r\n                       href=\"https:\/\/www.shore-experience.com\/magazine\/es\/soluciones-inteligentes-para-cruceros-en-italia-como-maximizar-el-tiempo-en-el-puerto\/\" title=\"Soluciones inteligentes para cruceros en Italia: c\u00f3mo maximizar el tiempo en el puerto\"><\/a>\r\n\t\t\t\t\t                        <div class=\"penci-image-holder penci-lazy\"                             data-bgset=\"https:\/\/www.shore-experience.com\/magazine\/wp-content\/uploads\/2024\/03\/AdobeStock_499442744-scaled-1-585x390.jpeg\" data_bg_hidpi=\"https:\/\/www.shore-experience.com\/magazine\/wp-content\/uploads\/2024\/03\/AdobeStock_499442744-scaled-1-585x390.jpeg\"\r\n                             data-sizes=\"(max-width: 767px) 585px, 585px\">\r\n                        <\/div>\r\n\t\t\t\t\t                <\/div>\r\n            <\/div>\r\n            <div class=\"pcbg-content\">\r\n                <div class=\"pcbg-content-flex\">\r\n                    <a class=\"pcbg-bgoverlay active-overlay\"\r\n                       href=\"https:\/\/www.shore-experience.com\/magazine\/es\/soluciones-inteligentes-para-cruceros-en-italia-como-maximizar-el-tiempo-en-el-puerto\/\" title=\"Soluciones inteligentes para cruceros en Italia: c\u00f3mo maximizar el tiempo en el puerto\"><\/a>\r\n                    <div class=\"pcbg-content-inner bgcontent-block\">\r\n                        <a href=\"https:\/\/www.shore-experience.com\/magazine\/es\/soluciones-inteligentes-para-cruceros-en-italia-como-maximizar-el-tiempo-en-el-puerto\/\" title=\"Soluciones inteligentes para cruceros en Italia: c\u00f3mo maximizar el tiempo en el puerto\"\r\n                           class=\"pcbg-bgoverlaytext item-hover\"><\/a>\r\n\r\n\t\t\t\t\t\t\r\n\t\t\t\t\t\t                            <div class=\"pcbg-heading item-hover\">\r\n                                <h3 class=\"pcbg-title\">\r\n                                    <a href=\"https:\/\/www.shore-experience.com\/magazine\/es\/soluciones-inteligentes-para-cruceros-en-italia-como-maximizar-el-tiempo-en-el-puerto\/\">\r\n\t\t\t\t\t\t\t\t\t\tSoluciones inteligentes para cruceros en Italia: c\u00f3mo maximizar el tiempo en el puerto                                    <\/a>\r\n                                <\/h3>\r\n                            <\/div>\r\n\t\t\t\t\t\t\r\n\t\t\t\t\t\t\r\n\t\t\t\t\t\t                    <\/div>\r\n                <\/div>\r\n            <\/div>\r\n        <\/div>\r\n    <\/div>\r\n<\/div>\r\n<\/div>                <\/div>\r\n\t\t\t\t            <\/div>\r\n        <\/div>\r\n\t\t\t\t<\/div>\n\t\t\t\t<\/div>\n\t\t\t\t\t<\/div>\n\t\t<\/div>\n\t\t\t\t\t<\/div>\n\t\t<\/section>\n\t\t\t\t<\/div>\n\t\t","protected":false},"excerpt":{"rendered":"<p>GUIA ALIMENTARIA Reserva ahora tu excursi\u00f3n EXCURSION DESDE EL PUERTO Reserva ahora tu excursi\u00f3n QUE VISITAR Reserva ahora tu excursi\u00f3n El esp\u00edritu festivo de Palermo: descubre las ricas tradiciones de&hellip;<\/p>\n","protected":false},"author":1,"featured_media":0,"parent":2828,"menu_order":0,"comment_status":"closed","ping_status":"closed","template":"page-vc.php","meta":{"footnotes":""},"yoast_head":"<!-- This site is optimized with the Yoast SEO plugin v23.0 - https:\/\/yoast.com\/wordpress\/plugins\/seo\/ -->\n<title>Los mejores destinos desde los puertos de cruceros en Italia: Consejos y gu\u00edas de viaje<\/title>\n<meta name=\"description\" content=\"Descubre consejos de viaje e informaci\u00f3n local sobre los principales puertos de cruceros de Italia, como Civitavecchia, Florencia, Livorno, La Spezia, G\u00e9nova y muchos m\u00e1s. \u00a1Planifica tu excursi\u00f3n perfecta!\" \/>\n<meta name=\"robots\" content=\"index, follow, max-snippet:-1, max-image-preview:large, max-video-preview:-1\" \/>\n<link rel=\"canonical\" href=\"https:\/\/www.shore-experience.com\/magazine\/es\/puertos-y-destinos\/palermo\/\" \/>\n<meta property=\"og:locale\" content=\"es_ES\" \/>\n<meta property=\"og:type\" content=\"article\" \/>\n<meta property=\"og:title\" content=\"Los mejores destinos desde los puertos de cruceros en Italia: Consejos y gu\u00edas de viaje\" \/>\n<meta property=\"og:description\" content=\"Descubre consejos de viaje e informaci\u00f3n local sobre los principales puertos de cruceros de Italia, como Civitavecchia, Florencia, Livorno, La Spezia, G\u00e9nova y muchos m\u00e1s. \u00a1Planifica tu excursi\u00f3n perfecta!\" \/>\n<meta property=\"og:url\" content=\"https:\/\/www.shore-experience.com\/magazine\/es\/puertos-y-destinos\/palermo\/\" \/>\n<meta property=\"og:site_name\" content=\"https:\/\/www.shore-experience.com\/magazine\/\" \/>\n<meta property=\"article:modified_time\" content=\"2024-10-31T18:41:44+00:00\" \/>\n<meta name=\"twitter:card\" content=\"summary_large_image\" \/>\n<meta name=\"twitter:label1\" content=\"Tiempo de lectura\" \/>\n\t<meta name=\"twitter:data1\" content=\"1 minuto\" \/>\n<script type=\"application\/ld+json\" class=\"yoast-schema-graph\">{\"@context\":\"https:\/\/schema.org\",\"@graph\":[{\"@type\":\"WebPage\",\"@id\":\"https:\/\/www.shore-experience.com\/magazine\/es\/puertos-y-destinos\/palermo\/\",\"url\":\"https:\/\/www.shore-experience.com\/magazine\/es\/puertos-y-destinos\/palermo\/\",\"name\":\"Los mejores destinos desde los puertos de cruceros en Italia: Consejos y gu\u00edas de viaje\",\"isPartOf\":{\"@id\":\"https:\/\/www.shore-experience.com\/magazine\/#website\"},\"datePublished\":\"2024-10-31T14:15:48+00:00\",\"dateModified\":\"2024-10-31T18:41:44+00:00\",\"description\":\"Descubre consejos de viaje e informaci\u00f3n local sobre los principales puertos de cruceros de Italia, como Civitavecchia, Florencia, Livorno, La Spezia, G\u00e9nova y muchos m\u00e1s. \u00a1Planifica tu excursi\u00f3n perfecta!\",\"breadcrumb\":{\"@id\":\"https:\/\/www.shore-experience.com\/magazine\/es\/puertos-y-destinos\/palermo\/#breadcrumb\"},\"inLanguage\":\"es\",\"potentialAction\":[{\"@type\":\"ReadAction\",\"target\":[\"https:\/\/www.shore-experience.com\/magazine\/es\/puertos-y-destinos\/palermo\/\"]}]},{\"@type\":\"BreadcrumbList\",\"@id\":\"https:\/\/www.shore-experience.com\/magazine\/es\/puertos-y-destinos\/palermo\/#breadcrumb\",\"itemListElement\":[{\"@type\":\"ListItem\",\"position\":1,\"name\":\"Home\",\"item\":\"https:\/\/www.shore-experience.com\/magazine\/es\/\"},{\"@type\":\"ListItem\",\"position\":2,\"name\":\"PUERTOS Y DESTINOS\",\"item\":\"https:\/\/www.shore-experience.com\/magazine\/es\/puertos-y-destinos\/\"},{\"@type\":\"ListItem\",\"position\":3,\"name\":\"Palermo\"}]},{\"@type\":\"WebSite\",\"@id\":\"https:\/\/www.shore-experience.com\/magazine\/#website\",\"url\":\"https:\/\/www.shore-experience.com\/magazine\/\",\"name\":\"https:\/\/www.shore-experience.com\/magazine\/\",\"description\":\"The official Tour Operator of City\",\"potentialAction\":[{\"@type\":\"SearchAction\",\"target\":{\"@type\":\"EntryPoint\",\"urlTemplate\":\"https:\/\/www.shore-experience.com\/magazine\/?s={search_term_string}\"},\"query-input\":\"required name=search_term_string\"}],\"inLanguage\":\"es\"}]}<\/script>\n<!-- \/ Yoast SEO plugin. -->","yoast_head_json":{"title":"Los mejores destinos desde los puertos de cruceros en Italia: Consejos y gu\u00edas de viaje","description":"Descubre consejos de viaje e informaci\u00f3n local sobre los principales puertos de cruceros de Italia, como Civitavecchia, Florencia, Livorno, La Spezia, G\u00e9nova y muchos m\u00e1s. \u00a1Planifica tu excursi\u00f3n perfecta!","robots":{"index":"index","follow":"follow","max-snippet":"max-snippet:-1","max-image-preview":"max-image-preview:large","max-video-preview":"max-video-preview:-1"},"canonical":"https:\/\/www.shore-experience.com\/magazine\/es\/puertos-y-destinos\/palermo\/","og_locale":"es_ES","og_type":"article","og_title":"Los mejores destinos desde los puertos de cruceros en Italia: Consejos y gu\u00edas de viaje","og_description":"Descubre consejos de viaje e informaci\u00f3n local sobre los principales puertos de cruceros de Italia, como Civitavecchia, Florencia, Livorno, La Spezia, G\u00e9nova y muchos m\u00e1s. \u00a1Planifica tu excursi\u00f3n perfecta!","og_url":"https:\/\/www.shore-experience.com\/magazine\/es\/puertos-y-destinos\/palermo\/","og_site_name":"https:\/\/www.shore-experience.com\/magazine\/","article_modified_time":"2024-10-31T18:41:44+00:00","twitter_card":"summary_large_image","twitter_misc":{"Tiempo de lectura":"1 minuto"},"schema":{"@context":"https:\/\/schema.org","@graph":[{"@type":"WebPage","@id":"https:\/\/www.shore-experience.com\/magazine\/es\/puertos-y-destinos\/palermo\/","url":"https:\/\/www.shore-experience.com\/magazine\/es\/puertos-y-destinos\/palermo\/","name":"Los mejores destinos desde los puertos de cruceros en Italia: Consejos y gu\u00edas de viaje","isPartOf":{"@id":"https:\/\/www.shore-experience.com\/magazine\/#website"},"datePublished":"2024-10-31T14:15:48+00:00","dateModified":"2024-10-31T18:41:44+00:00","description":"Descubre consejos de viaje e informaci\u00f3n local sobre los principales puertos de cruceros de Italia, como Civitavecchia, Florencia, Livorno, La Spezia, G\u00e9nova y muchos m\u00e1s. \u00a1Planifica tu excursi\u00f3n perfecta!","breadcrumb":{"@id":"https:\/\/www.shore-experience.com\/magazine\/es\/puertos-y-destinos\/palermo\/#breadcrumb"},"inLanguage":"es","potentialAction":[{"@type":"ReadAction","target":["https:\/\/www.shore-experience.com\/magazine\/es\/puertos-y-destinos\/palermo\/"]}]},{"@type":"BreadcrumbList","@id":"https:\/\/www.shore-experience.com\/magazine\/es\/puertos-y-destinos\/palermo\/#breadcrumb","itemListElement":[{"@type":"ListItem","position":1,"name":"Home","item":"https:\/\/www.shore-experience.com\/magazine\/es\/"},{"@type":"ListItem","position":2,"name":"PUERTOS Y DESTINOS","item":"https:\/\/www.shore-experience.com\/magazine\/es\/puertos-y-destinos\/"},{"@type":"ListItem","position":3,"name":"Palermo"}]},{"@type":"WebSite","@id":"https:\/\/www.shore-experience.com\/magazine\/#website","url":"https:\/\/www.shore-experience.com\/magazine\/","name":"https:\/\/www.shore-experience.com\/magazine\/","description":"The official Tour Operator of City","potentialAction":[{"@type":"SearchAction","target":{"@type":"EntryPoint","urlTemplate":"https:\/\/www.shore-experience.com\/magazine\/?s={search_term_string}"},"query-input":"required name=search_term_string"}],"inLanguage":"es"}]}},"_links":{"self":[{"href":"https:\/\/www.shore-experience.com\/magazine\/es\/wp-json\/wp\/v2\/pages\/5500"}],"collection":[{"href":"https:\/\/www.shore-experience.com\/magazine\/es\/wp-json\/wp\/v2\/pages"}],"about":[{"href":"https:\/\/www.shore-experience.com\/magazine\/es\/wp-json\/wp\/v2\/types\/page"}],"author":[{"embeddable":true,"href":"https:\/\/www.shore-experience.com\/magazine\/es\/wp-json\/wp\/v2\/users\/1"}],"replies":[{"embeddable":true,"href":"https:\/\/www.shore-experience.com\/magazine\/es\/wp-json\/wp\/v2\/comments?post=5500"}],"version-history":[{"count":4,"href":"https:\/\/www.shore-experience.com\/magazine\/es\/wp-json\/wp\/v2\/pages\/5500\/revisions"}],"predecessor-version":[{"id":5861,"href":"https:\/\/www.shore-experience.com\/magazine\/es\/wp-json\/wp\/v2\/pages\/5500\/revisions\/5861"}],"up":[{"embeddable":true,"href":"https:\/\/www.shore-experience.com\/magazine\/es\/wp-json\/wp\/v2\/pages\/2828"}],"wp:attachment":[{"href":"https:\/\/www.shore-experience.com\/magazine\/es\/wp-json\/wp\/v2\/media?parent=5500"}],"curies":[{"name":"wp","href":"https:\/\/api.w.org\/{rel}","templated":true}]}}