{"id":5516,"date":"2024-10-31T15:14:55","date_gmt":"2024-10-31T14:14:55","guid":{"rendered":"https:\/\/www.shore-experience.com\/magazine\/puertos-y-destinos\/lucca\/"},"modified":"2024-10-31T19:41:08","modified_gmt":"2024-10-31T18:41:08","slug":"lucca","status":"publish","type":"page","link":"https:\/\/www.shore-experience.com\/magazine\/es\/puertos-y-destinos\/lucca\/","title":{"rendered":"Lucca"},"content":{"rendered":"\t\t<div data-elementor-type=\"wp-page\" data-elementor-id=\"5516\" class=\"elementor elementor-5516 elementor-5434\">\n\t\t\t\t\t\t<section class=\"penci-section penci-disSticky penci-structure-10 elementor-section elementor-top-section elementor-element elementor-element-20b63ba elementor-section-boxed elementor-section-height-default elementor-section-height-default\" data-id=\"20b63ba\" data-element_type=\"section\">\n\t\t\t\t\t\t<div class=\"elementor-container elementor-column-gap-default\">\n\t\t\t\t\t<div class=\"penci-ercol-100 penci-ercol-order-1 penci-sticky-ct    elementor-column elementor-col-100 elementor-top-column elementor-element elementor-element-e26d52b\" data-id=\"e26d52b\" data-element_type=\"column\">\n\t\t\t<div class=\"elementor-widget-wrap elementor-element-populated\">\n\t\t\t\t\t\t<div class=\"elementor-element elementor-element-8b36929 penci-h-poswrap-center penci-v-poswrap-middle elementor-widget elementor-widget-penci-custom-sliders\" data-id=\"8b36929\" data-element_type=\"widget\" data-widget_type=\"penci-custom-sliders.default\">\n\t\t\t\t<div class=\"elementor-widget-container\">\n\t\t\t<div class=\"penci-block-vc penci-custom-slides\"><div class=\"penci-block_content penci-slides-wrap swiper penci-owl-carousel penci-owl-carousel-slider pcdots-dots\"  data-items=\"1\" data-auto=\"true\" data-autotime=\"8000\" data-speed=\"800\" data-anim=\"slide\" data-ceffect=\"swing\" data-seffect=\"creative\"><div class=\"swiper-wrapper\"><div class=\"swiper-slide elementor-repeater-item-ee510d3 penci-ctslide-wrap\"><div class=\"penci-custom-slide\"><div class=\"penci-ctslide-bg\"><\/div><div class=\"penci-ctslide-inner\"><div class=\"penci-ctslider-bg-overlay\"><\/div><div class=\"penci-ctslider-content penci-fadeInUp\"><h2 class=\"pencislider-title\">GUIA ALIMENTARIA<\/h2><div class=\"penci-slider_btnwrap\"><a class=\"pencislider-btn pencislider-btn-1 penci-button\" href=\"https:\/\/www.shore-experience.com\/es\/food-drinks-tour-enogastronomicos\/\" target=\"_blank\"><span>Reserva ahora tu excursi\u00f3n<\/span><\/a><\/div><\/div><\/div><\/div><\/div><div class=\"swiper-slide elementor-repeater-item-58807f6 penci-ctslide-wrap\"><div class=\"penci-custom-slide\"><div class=\"penci-ctslide-bg\"><\/div><div class=\"penci-ctslide-inner\"><div class=\"penci-ctslider-bg-overlay\"><\/div><div class=\"penci-ctslider-content penci-fadeInUp\"><h2 class=\"pencislider-title\">EXCURSION DESDE EL PUERTO<\/h2><div class=\"penci-slider_btnwrap\"><a class=\"pencislider-btn pencislider-btn-1 penci-button\" href=\"https:\/\/www.shore-experience.com\/es\/excursiones\/\" target=\"_blank\"><span>Reserva ahora tu excursi\u00f3n<\/span><\/a><\/div><\/div><\/div><\/div><\/div><div class=\"swiper-slide elementor-repeater-item-dcf38ed penci-ctslide-wrap\"><div class=\"penci-custom-slide\"><div class=\"penci-ctslide-bg\"><\/div><div class=\"penci-ctslide-inner\"><div class=\"penci-ctslider-bg-overlay\"><\/div><div class=\"penci-ctslider-content penci-fadeInUp\"><h2 class=\"pencislider-title\">QUE VISITAR<\/h2><div class=\"penci-slider_btnwrap\"><a class=\"pencislider-btn pencislider-btn-1 penci-button\" href=\"https:\/\/www.shore-experience.com\/es\/visitas-guiadas\/\" target=\"_blank\"><span>Reserva ahora tu excursi\u00f3n<\/span><\/a><\/div><\/div><\/div><\/div><\/div><\/div><\/div><\/div>\t\t<\/div>\n\t\t\t\t<\/div>\n\t\t\t\t\t<\/div>\n\t\t<\/div>\n\t\t\t\t\t<\/div>\n\t\t<\/section>\n\t\t\t\t<section class=\"penci-section penci-disSticky penci-structure-10 elementor-section elementor-top-section elementor-element elementor-element-5e29642 elementor-section-boxed elementor-section-height-default elementor-section-height-default\" data-id=\"5e29642\" data-element_type=\"section\">\n\t\t\t\t\t\t<div class=\"elementor-container elementor-column-gap-default\">\n\t\t\t\t\t<div class=\"penci-ercol-100 penci-ercol-order-1 penci-sticky-ct    elementor-column elementor-col-100 elementor-top-column elementor-element elementor-element-f7a5d4c\" data-id=\"f7a5d4c\" data-element_type=\"column\">\n\t\t\t<div class=\"elementor-widget-wrap elementor-element-populated\">\n\t\t\t\t\t\t<div class=\"elementor-element elementor-element-d15ff8f elementor-widget elementor-widget-penci-big-grid\" data-id=\"d15ff8f\" data-element_type=\"widget\" data-widget_type=\"penci-big-grid.default\">\n\t\t\t\t<div class=\"elementor-widget-container\">\n\t\t\t        <div class=\"penci-clearfix penci-biggrid-wrapper penci-grid-col-3 penci-grid-tcol-2 penci-grid-mcol-1 penci-bgrid-based-post penci-bgrid-style-1 pcbg-ficonpo-top-right pcbg-reiconpo-top-left penci-bgrid-content-on pencibg-imageh-zoom-in pencibg-texth-none pencibg-textani-movetop textop\">\r\n\t\t\t            <div class=\"penci-clearfix penci-biggrid penci-bgstyle-1 penci-bgel\">\r\n                <div class=\"penci-biggrid-inner default\">\r\n\t\t\t\t\t<div class=\"penci-clearfix penci-biggrid-data penci-dflex\"><div class=\"penci-bgitem\">\r\n    <div class=\"penci-bgitin\">\r\n        <div class=\"penci-bgmain\">\r\n            <div class=\"pcbg-thumb\">\r\n\t\t\t\t\t\t\t\t                <div class=\"pcbg-thumbin\">\r\n                    <a class=\"pcbg-bgoverlay\"\r\n                       href=\"https:\/\/www.shore-experience.com\/magazine\/es\/como-llegar-a-pisa-y-lucca-desde-el-puerto-de-la-spezia\/\" title=\"C\u00f3mo llegar a Pisa y Lucca desde el puerto de La Spezia\"><\/a>\r\n\t\t\t\t\t                        <div class=\"penci-image-holder penci-lazy\"                             data-bgset=\"https:\/\/www.shore-experience.com\/magazine\/wp-content\/uploads\/2024\/03\/P1222135-scaled-1-1-585x330.jpg\" data_bg_hidpi=\"https:\/\/www.shore-experience.com\/magazine\/wp-content\/uploads\/2024\/03\/P1222135-scaled-1-1-585x330.jpg\"\r\n                             data-sizes=\"(max-width: 767px) 585px, 585px\">\r\n                        <\/div>\r\n\t\t\t\t\t                <\/div>\r\n            <\/div>\r\n            <div class=\"pcbg-content\">\r\n                <div class=\"pcbg-content-flex\">\r\n                    <a class=\"pcbg-bgoverlay active-overlay\"\r\n                       href=\"https:\/\/www.shore-experience.com\/magazine\/es\/como-llegar-a-pisa-y-lucca-desde-el-puerto-de-la-spezia\/\" title=\"C\u00f3mo llegar a Pisa y Lucca desde el puerto de La Spezia\"><\/a>\r\n                    <div class=\"pcbg-content-inner bgcontent-block\">\r\n                        <a href=\"https:\/\/www.shore-experience.com\/magazine\/es\/como-llegar-a-pisa-y-lucca-desde-el-puerto-de-la-spezia\/\" title=\"C\u00f3mo llegar a Pisa y Lucca desde el puerto de La Spezia\"\r\n                           class=\"pcbg-bgoverlaytext item-hover\"><\/a>\r\n\r\n\t\t\t\t\t\t\r\n\t\t\t\t\t\t                            <div class=\"pcbg-heading item-hover\">\r\n                                <h3 class=\"pcbg-title\">\r\n                                    <a href=\"https:\/\/www.shore-experience.com\/magazine\/es\/como-llegar-a-pisa-y-lucca-desde-el-puerto-de-la-spezia\/\">\r\n\t\t\t\t\t\t\t\t\t\tC\u00f3mo llegar a Pisa y Lucca desde el puerto de La Spezia                                    <\/a>\r\n                                <\/h3>\r\n                            <\/div>\r\n\t\t\t\t\t\t\r\n\t\t\t\t\t\t\r\n\t\t\t\t\t\t                    <\/div>\r\n                <\/div>\r\n            <\/div>\r\n        <\/div>\r\n    <\/div>\r\n<\/div>\r\n<div class=\"penci-bgitem\">\r\n    <div class=\"penci-bgitin\">\r\n        <div class=\"penci-bgmain\">\r\n            <div class=\"pcbg-thumb\">\r\n\t\t\t\t\t\t\t\t                <div class=\"pcbg-thumbin\">\r\n                    <a class=\"pcbg-bgoverlay\"\r\n                       href=\"https:\/\/www.shore-experience.com\/magazine\/es\/como-visitar-la-torre-inclinada-de-pisa-y-lucca-desde-el-puerto-de-livorno-consejos-de-viaje-para-cruceros\/\" title=\"C\u00f3mo visitar la Torre Inclinada de Pisa y Lucca desde el puerto de Livorno: consejos de viaje para cruceros\"><\/a>\r\n\t\t\t\t\t                        <div class=\"penci-image-holder penci-lazy\"                             data-bgset=\"https:\/\/www.shore-experience.com\/magazine\/wp-content\/uploads\/2024\/03\/P1222390-scaled-1-585x322.jpg\" data_bg_hidpi=\"https:\/\/www.shore-experience.com\/magazine\/wp-content\/uploads\/2024\/03\/P1222390-scaled-1-585x322.jpg\"\r\n                             data-sizes=\"(max-width: 767px) 585px, 585px\">\r\n                        <\/div>\r\n\t\t\t\t\t                <\/div>\r\n            <\/div>\r\n            <div class=\"pcbg-content\">\r\n                <div class=\"pcbg-content-flex\">\r\n                    <a class=\"pcbg-bgoverlay active-overlay\"\r\n                       href=\"https:\/\/www.shore-experience.com\/magazine\/es\/como-visitar-la-torre-inclinada-de-pisa-y-lucca-desde-el-puerto-de-livorno-consejos-de-viaje-para-cruceros\/\" title=\"C\u00f3mo visitar la Torre Inclinada de Pisa y Lucca desde el puerto de Livorno: consejos de viaje para cruceros\"><\/a>\r\n                    <div class=\"pcbg-content-inner bgcontent-block\">\r\n                        <a href=\"https:\/\/www.shore-experience.com\/magazine\/es\/como-visitar-la-torre-inclinada-de-pisa-y-lucca-desde-el-puerto-de-livorno-consejos-de-viaje-para-cruceros\/\" title=\"C\u00f3mo visitar la Torre Inclinada de Pisa y Lucca desde el puerto de Livorno: consejos de viaje para cruceros\"\r\n                           class=\"pcbg-bgoverlaytext item-hover\"><\/a>\r\n\r\n\t\t\t\t\t\t\r\n\t\t\t\t\t\t                            <div class=\"pcbg-heading item-hover\">\r\n                                <h3 class=\"pcbg-title\">\r\n                                    <a href=\"https:\/\/www.shore-experience.com\/magazine\/es\/como-visitar-la-torre-inclinada-de-pisa-y-lucca-desde-el-puerto-de-livorno-consejos-de-viaje-para-cruceros\/\">\r\n\t\t\t\t\t\t\t\t\t\tC\u00f3mo visitar la Torre Inclinada de Pisa y Lucca desde el puerto de Livorno: consejos de viaje para cruceros                                    <\/a>\r\n                                <\/h3>\r\n                            <\/div>\r\n\t\t\t\t\t\t\r\n\t\t\t\t\t\t\r\n\t\t\t\t\t\t                    <\/div>\r\n                <\/div>\r\n            <\/div>\r\n        <\/div>\r\n    <\/div>\r\n<\/div>\r\n<div class=\"penci-bgitem\">\r\n    <div class=\"penci-bgitin\">\r\n        <div class=\"penci-bgmain\">\r\n            <div class=\"pcbg-thumb\">\r\n\t\t\t\t\t\t\t\t                <div class=\"pcbg-thumbin\">\r\n                    <a class=\"pcbg-bgoverlay\"\r\n                       href=\"https:\/\/www.shore-experience.com\/magazine\/es\/lucca-comics-una-experiencia-colorida-en-la-magia-de-la-cultura-pop\/\" title=\"Lucca Comics: una experiencia colorida en la magia de la cultura pop\"><\/a>\r\n\t\t\t\t\t                        <div class=\"penci-image-holder penci-lazy\"                             data-bgset=\"https:\/\/www.shore-experience.com\/magazine\/wp-content\/uploads\/2023\/12\/AdobeStock_76354654-1-scaled-1-585x390.jpeg\" data_bg_hidpi=\"https:\/\/www.shore-experience.com\/magazine\/wp-content\/uploads\/2023\/12\/AdobeStock_76354654-1-scaled-1-585x390.jpeg\"\r\n                             data-sizes=\"(max-width: 767px) 585px, 585px\">\r\n                        <\/div>\r\n\t\t\t\t\t                <\/div>\r\n            <\/div>\r\n            <div class=\"pcbg-content\">\r\n                <div class=\"pcbg-content-flex\">\r\n                    <a class=\"pcbg-bgoverlay active-overlay\"\r\n                       href=\"https:\/\/www.shore-experience.com\/magazine\/es\/lucca-comics-una-experiencia-colorida-en-la-magia-de-la-cultura-pop\/\" title=\"Lucca Comics: una experiencia colorida en la magia de la cultura pop\"><\/a>\r\n                    <div class=\"pcbg-content-inner bgcontent-block\">\r\n                        <a href=\"https:\/\/www.shore-experience.com\/magazine\/es\/lucca-comics-una-experiencia-colorida-en-la-magia-de-la-cultura-pop\/\" title=\"Lucca Comics: una experiencia colorida en la magia de la cultura pop\"\r\n                           class=\"pcbg-bgoverlaytext item-hover\"><\/a>\r\n\r\n\t\t\t\t\t\t\r\n\t\t\t\t\t\t                            <div class=\"pcbg-heading item-hover\">\r\n                                <h3 class=\"pcbg-title\">\r\n                                    <a href=\"https:\/\/www.shore-experience.com\/magazine\/es\/lucca-comics-una-experiencia-colorida-en-la-magia-de-la-cultura-pop\/\">\r\n\t\t\t\t\t\t\t\t\t\tLucca Comics: una experiencia colorida en la magia de la cultura pop                                    <\/a>\r\n                                <\/h3>\r\n                            <\/div>\r\n\t\t\t\t\t\t\r\n\t\t\t\t\t\t\r\n\t\t\t\t\t\t                    <\/div>\r\n                <\/div>\r\n            <\/div>\r\n        <\/div>\r\n    <\/div>\r\n<\/div>\r\n<div class=\"penci-bgitem\">\r\n    <div class=\"penci-bgitin\">\r\n        <div class=\"penci-bgmain\">\r\n            <div class=\"pcbg-thumb\">\r\n\t\t\t\t\t\t\t\t                <div class=\"pcbg-thumbin\">\r\n                    <a class=\"pcbg-bgoverlay\"\r\n                       href=\"https:\/\/www.shore-experience.com\/magazine\/es\/descubriendo-la-magia-de-lucca-el-mejor-momento-para-experimentar-la-joya-de-la-toscana\/\" title=\"Descubriendo la magia de Lucca: el mejor momento para experimentar la joya de la Toscana\"><\/a>\r\n\t\t\t\t\t                        <div class=\"penci-image-holder penci-lazy\"                             data-bgset=\"https:\/\/www.shore-experience.com\/magazine\/wp-content\/uploads\/2023\/12\/AdobeStock_482080221-scaled-1-585x376.jpeg\" data_bg_hidpi=\"https:\/\/www.shore-experience.com\/magazine\/wp-content\/uploads\/2023\/12\/AdobeStock_482080221-scaled-1-585x376.jpeg\"\r\n                             data-sizes=\"(max-width: 767px) 585px, 585px\">\r\n                        <\/div>\r\n\t\t\t\t\t                <\/div>\r\n            <\/div>\r\n            <div class=\"pcbg-content\">\r\n                <div class=\"pcbg-content-flex\">\r\n                    <a class=\"pcbg-bgoverlay active-overlay\"\r\n                       href=\"https:\/\/www.shore-experience.com\/magazine\/es\/descubriendo-la-magia-de-lucca-el-mejor-momento-para-experimentar-la-joya-de-la-toscana\/\" title=\"Descubriendo la magia de Lucca: el mejor momento para experimentar la joya de la Toscana\"><\/a>\r\n                    <div class=\"pcbg-content-inner bgcontent-block\">\r\n                        <a href=\"https:\/\/www.shore-experience.com\/magazine\/es\/descubriendo-la-magia-de-lucca-el-mejor-momento-para-experimentar-la-joya-de-la-toscana\/\" title=\"Descubriendo la magia de Lucca: el mejor momento para experimentar la joya de la Toscana\"\r\n                           class=\"pcbg-bgoverlaytext item-hover\"><\/a>\r\n\r\n\t\t\t\t\t\t\r\n\t\t\t\t\t\t                            <div class=\"pcbg-heading item-hover\">\r\n                                <h3 class=\"pcbg-title\">\r\n                                    <a href=\"https:\/\/www.shore-experience.com\/magazine\/es\/descubriendo-la-magia-de-lucca-el-mejor-momento-para-experimentar-la-joya-de-la-toscana\/\">\r\n\t\t\t\t\t\t\t\t\t\tDescubriendo la magia de Lucca: el mejor momento para experimentar la joya de la Toscana                                    <\/a>\r\n                                <\/h3>\r\n                            <\/div>\r\n\t\t\t\t\t\t\r\n\t\t\t\t\t\t\r\n\t\t\t\t\t\t                    <\/div>\r\n                <\/div>\r\n            <\/div>\r\n        <\/div>\r\n    <\/div>\r\n<\/div>\r\n<div class=\"penci-bgitem\">\r\n    <div class=\"penci-bgitin\">\r\n        <div class=\"penci-bgmain\">\r\n            <div class=\"pcbg-thumb\">\r\n\t\t\t\t\t\t\t\t                <div class=\"pcbg-thumbin\">\r\n                    <a class=\"pcbg-bgoverlay\"\r\n                       href=\"https:\/\/www.shore-experience.com\/magazine\/es\/desvelando-lucca-una-historia-de-encanto-atemporal-en-la-toscana\/\" title=\"Desvelando Lucca: una historia de encanto atemporal en la Toscana\"><\/a>\r\n\t\t\t\t\t                        <div class=\"penci-image-holder penci-lazy\"                             data-bgset=\"https:\/\/www.shore-experience.com\/magazine\/wp-content\/uploads\/2023\/12\/AdobeStock_238651579-2-585x390.jpeg\" data_bg_hidpi=\"https:\/\/www.shore-experience.com\/magazine\/wp-content\/uploads\/2023\/12\/AdobeStock_238651579-2-585x390.jpeg\"\r\n                             data-sizes=\"(max-width: 767px) 585px, 585px\">\r\n                        <\/div>\r\n\t\t\t\t\t                <\/div>\r\n            <\/div>\r\n            <div class=\"pcbg-content\">\r\n                <div class=\"pcbg-content-flex\">\r\n                    <a class=\"pcbg-bgoverlay active-overlay\"\r\n                       href=\"https:\/\/www.shore-experience.com\/magazine\/es\/desvelando-lucca-una-historia-de-encanto-atemporal-en-la-toscana\/\" title=\"Desvelando Lucca: una historia de encanto atemporal en la Toscana\"><\/a>\r\n                    <div class=\"pcbg-content-inner bgcontent-block\">\r\n                        <a href=\"https:\/\/www.shore-experience.com\/magazine\/es\/desvelando-lucca-una-historia-de-encanto-atemporal-en-la-toscana\/\" title=\"Desvelando Lucca: una historia de encanto atemporal en la Toscana\"\r\n                           class=\"pcbg-bgoverlaytext item-hover\"><\/a>\r\n\r\n\t\t\t\t\t\t\r\n\t\t\t\t\t\t                            <div class=\"pcbg-heading item-hover\">\r\n                                <h3 class=\"pcbg-title\">\r\n                                    <a href=\"https:\/\/www.shore-experience.com\/magazine\/es\/desvelando-lucca-una-historia-de-encanto-atemporal-en-la-toscana\/\">\r\n\t\t\t\t\t\t\t\t\t\tDesvelando Lucca: una historia de encanto atemporal en la Toscana                                    <\/a>\r\n                                <\/h3>\r\n                            <\/div>\r\n\t\t\t\t\t\t\r\n\t\t\t\t\t\t\r\n\t\t\t\t\t\t                    <\/div>\r\n                <\/div>\r\n            <\/div>\r\n        <\/div>\r\n    <\/div>\r\n<\/div>\r\n<\/div>                <\/div>\r\n\t\t\t\t            <\/div>\r\n        <\/div>\r\n\t\t\t\t<\/div>\n\t\t\t\t<\/div>\n\t\t\t\t\t<\/div>\n\t\t<\/div>\n\t\t\t\t\t<\/div>\n\t\t<\/section>\n\t\t\t\t<\/div>\n\t\t","protected":false},"excerpt":{"rendered":"<p>GUIA ALIMENTARIA Reserva ahora tu excursi\u00f3n EXCURSION DESDE EL PUERTO Reserva ahora tu excursi\u00f3n QUE VISITAR Reserva ahora tu excursi\u00f3n C\u00f3mo llegar a Pisa y Lucca desde el puerto de&hellip;<\/p>\n","protected":false},"author":1,"featured_media":0,"parent":2828,"menu_order":0,"comment_status":"closed","ping_status":"closed","template":"page-vc.php","meta":{"footnotes":""},"yoast_head":"<!-- This site is optimized with the Yoast SEO plugin v23.0 - https:\/\/yoast.com\/wordpress\/plugins\/seo\/ -->\n<title>Los mejores destinos desde los puertos de cruceros en Italia: Consejos y gu\u00edas de viaje<\/title>\n<meta name=\"description\" content=\"Descubre consejos de viaje e informaci\u00f3n local sobre los principales puertos de cruceros de Italia, como Civitavecchia, Florencia, Livorno, La Spezia, G\u00e9nova y muchos m\u00e1s. \u00a1Planifica tu excursi\u00f3n perfecta!\" \/>\n<meta name=\"robots\" content=\"index, follow, max-snippet:-1, max-image-preview:large, max-video-preview:-1\" \/>\n<link rel=\"canonical\" href=\"https:\/\/www.shore-experience.com\/magazine\/es\/puertos-y-destinos\/lucca\/\" \/>\n<meta property=\"og:locale\" content=\"es_ES\" \/>\n<meta property=\"og:type\" content=\"article\" \/>\n<meta property=\"og:title\" content=\"Los mejores destinos desde los puertos de cruceros en Italia: Consejos y gu\u00edas de viaje\" \/>\n<meta property=\"og:description\" content=\"Descubre consejos de viaje e informaci\u00f3n local sobre los principales puertos de cruceros de Italia, como Civitavecchia, Florencia, Livorno, La Spezia, G\u00e9nova y muchos m\u00e1s. \u00a1Planifica tu excursi\u00f3n perfecta!\" \/>\n<meta property=\"og:url\" content=\"https:\/\/www.shore-experience.com\/magazine\/es\/puertos-y-destinos\/lucca\/\" \/>\n<meta property=\"og:site_name\" content=\"https:\/\/www.shore-experience.com\/magazine\/\" \/>\n<meta property=\"article:modified_time\" content=\"2024-10-31T18:41:08+00:00\" \/>\n<meta name=\"twitter:card\" content=\"summary_large_image\" \/>\n<meta name=\"twitter:label1\" content=\"Tiempo de lectura\" \/>\n\t<meta name=\"twitter:data1\" content=\"1 minuto\" \/>\n<script type=\"application\/ld+json\" class=\"yoast-schema-graph\">{\"@context\":\"https:\/\/schema.org\",\"@graph\":[{\"@type\":\"WebPage\",\"@id\":\"https:\/\/www.shore-experience.com\/magazine\/es\/puertos-y-destinos\/lucca\/\",\"url\":\"https:\/\/www.shore-experience.com\/magazine\/es\/puertos-y-destinos\/lucca\/\",\"name\":\"Los mejores destinos desde los puertos de cruceros en Italia: Consejos y gu\u00edas de viaje\",\"isPartOf\":{\"@id\":\"https:\/\/www.shore-experience.com\/magazine\/#website\"},\"datePublished\":\"2024-10-31T14:14:55+00:00\",\"dateModified\":\"2024-10-31T18:41:08+00:00\",\"description\":\"Descubre consejos de viaje e informaci\u00f3n local sobre los principales puertos de cruceros de Italia, como Civitavecchia, Florencia, Livorno, La Spezia, G\u00e9nova y muchos m\u00e1s. \u00a1Planifica tu excursi\u00f3n perfecta!\",\"breadcrumb\":{\"@id\":\"https:\/\/www.shore-experience.com\/magazine\/es\/puertos-y-destinos\/lucca\/#breadcrumb\"},\"inLanguage\":\"es\",\"potentialAction\":[{\"@type\":\"ReadAction\",\"target\":[\"https:\/\/www.shore-experience.com\/magazine\/es\/puertos-y-destinos\/lucca\/\"]}]},{\"@type\":\"BreadcrumbList\",\"@id\":\"https:\/\/www.shore-experience.com\/magazine\/es\/puertos-y-destinos\/lucca\/#breadcrumb\",\"itemListElement\":[{\"@type\":\"ListItem\",\"position\":1,\"name\":\"Home\",\"item\":\"https:\/\/www.shore-experience.com\/magazine\/es\/\"},{\"@type\":\"ListItem\",\"position\":2,\"name\":\"PUERTOS Y DESTINOS\",\"item\":\"https:\/\/www.shore-experience.com\/magazine\/es\/puertos-y-destinos\/\"},{\"@type\":\"ListItem\",\"position\":3,\"name\":\"Lucca\"}]},{\"@type\":\"WebSite\",\"@id\":\"https:\/\/www.shore-experience.com\/magazine\/#website\",\"url\":\"https:\/\/www.shore-experience.com\/magazine\/\",\"name\":\"https:\/\/www.shore-experience.com\/magazine\/\",\"description\":\"The official Tour Operator of City\",\"potentialAction\":[{\"@type\":\"SearchAction\",\"target\":{\"@type\":\"EntryPoint\",\"urlTemplate\":\"https:\/\/www.shore-experience.com\/magazine\/?s={search_term_string}\"},\"query-input\":\"required name=search_term_string\"}],\"inLanguage\":\"es\"}]}<\/script>\n<!-- \/ Yoast SEO plugin. -->","yoast_head_json":{"title":"Los mejores destinos desde los puertos de cruceros en Italia: Consejos y gu\u00edas de viaje","description":"Descubre consejos de viaje e informaci\u00f3n local sobre los principales puertos de cruceros de Italia, como Civitavecchia, Florencia, Livorno, La Spezia, G\u00e9nova y muchos m\u00e1s. \u00a1Planifica tu excursi\u00f3n perfecta!","robots":{"index":"index","follow":"follow","max-snippet":"max-snippet:-1","max-image-preview":"max-image-preview:large","max-video-preview":"max-video-preview:-1"},"canonical":"https:\/\/www.shore-experience.com\/magazine\/es\/puertos-y-destinos\/lucca\/","og_locale":"es_ES","og_type":"article","og_title":"Los mejores destinos desde los puertos de cruceros en Italia: Consejos y gu\u00edas de viaje","og_description":"Descubre consejos de viaje e informaci\u00f3n local sobre los principales puertos de cruceros de Italia, como Civitavecchia, Florencia, Livorno, La Spezia, G\u00e9nova y muchos m\u00e1s. \u00a1Planifica tu excursi\u00f3n perfecta!","og_url":"https:\/\/www.shore-experience.com\/magazine\/es\/puertos-y-destinos\/lucca\/","og_site_name":"https:\/\/www.shore-experience.com\/magazine\/","article_modified_time":"2024-10-31T18:41:08+00:00","twitter_card":"summary_large_image","twitter_misc":{"Tiempo de lectura":"1 minuto"},"schema":{"@context":"https:\/\/schema.org","@graph":[{"@type":"WebPage","@id":"https:\/\/www.shore-experience.com\/magazine\/es\/puertos-y-destinos\/lucca\/","url":"https:\/\/www.shore-experience.com\/magazine\/es\/puertos-y-destinos\/lucca\/","name":"Los mejores destinos desde los puertos de cruceros en Italia: Consejos y gu\u00edas de viaje","isPartOf":{"@id":"https:\/\/www.shore-experience.com\/magazine\/#website"},"datePublished":"2024-10-31T14:14:55+00:00","dateModified":"2024-10-31T18:41:08+00:00","description":"Descubre consejos de viaje e informaci\u00f3n local sobre los principales puertos de cruceros de Italia, como Civitavecchia, Florencia, Livorno, La Spezia, G\u00e9nova y muchos m\u00e1s. \u00a1Planifica tu excursi\u00f3n perfecta!","breadcrumb":{"@id":"https:\/\/www.shore-experience.com\/magazine\/es\/puertos-y-destinos\/lucca\/#breadcrumb"},"inLanguage":"es","potentialAction":[{"@type":"ReadAction","target":["https:\/\/www.shore-experience.com\/magazine\/es\/puertos-y-destinos\/lucca\/"]}]},{"@type":"BreadcrumbList","@id":"https:\/\/www.shore-experience.com\/magazine\/es\/puertos-y-destinos\/lucca\/#breadcrumb","itemListElement":[{"@type":"ListItem","position":1,"name":"Home","item":"https:\/\/www.shore-experience.com\/magazine\/es\/"},{"@type":"ListItem","position":2,"name":"PUERTOS Y DESTINOS","item":"https:\/\/www.shore-experience.com\/magazine\/es\/puertos-y-destinos\/"},{"@type":"ListItem","position":3,"name":"Lucca"}]},{"@type":"WebSite","@id":"https:\/\/www.shore-experience.com\/magazine\/#website","url":"https:\/\/www.shore-experience.com\/magazine\/","name":"https:\/\/www.shore-experience.com\/magazine\/","description":"The official Tour Operator of City","potentialAction":[{"@type":"SearchAction","target":{"@type":"EntryPoint","urlTemplate":"https:\/\/www.shore-experience.com\/magazine\/?s={search_term_string}"},"query-input":"required name=search_term_string"}],"inLanguage":"es"}]}},"_links":{"self":[{"href":"https:\/\/www.shore-experience.com\/magazine\/es\/wp-json\/wp\/v2\/pages\/5516"}],"collection":[{"href":"https:\/\/www.shore-experience.com\/magazine\/es\/wp-json\/wp\/v2\/pages"}],"about":[{"href":"https:\/\/www.shore-experience.com\/magazine\/es\/wp-json\/wp\/v2\/types\/page"}],"author":[{"embeddable":true,"href":"https:\/\/www.shore-experience.com\/magazine\/es\/wp-json\/wp\/v2\/users\/1"}],"replies":[{"embeddable":true,"href":"https:\/\/www.shore-experience.com\/magazine\/es\/wp-json\/wp\/v2\/comments?post=5516"}],"version-history":[{"count":4,"href":"https:\/\/www.shore-experience.com\/magazine\/es\/wp-json\/wp\/v2\/pages\/5516\/revisions"}],"predecessor-version":[{"id":5849,"href":"https:\/\/www.shore-experience.com\/magazine\/es\/wp-json\/wp\/v2\/pages\/5516\/revisions\/5849"}],"up":[{"embeddable":true,"href":"https:\/\/www.shore-experience.com\/magazine\/es\/wp-json\/wp\/v2\/pages\/2828"}],"wp:attachment":[{"href":"https:\/\/www.shore-experience.com\/magazine\/es\/wp-json\/wp\/v2\/media?parent=5516"}],"curies":[{"name":"wp","href":"https:\/\/api.w.org\/{rel}","templated":true}]}}