{"id":5369,"date":"2024-10-31T15:01:03","date_gmt":"2024-10-31T14:01:03","guid":{"rendered":"https:\/\/www.shore-experience.com\/magazine\/en-savoir-plus-sur\/aventure\/"},"modified":"2024-10-31T19:30:04","modified_gmt":"2024-10-31T18:30:04","slug":"aventure","status":"publish","type":"page","link":"https:\/\/www.shore-experience.com\/magazine\/fr\/en-savoir-plus-sur\/aventure\/","title":{"rendered":"Aventure"},"content":{"rendered":"\t\t<div data-elementor-type=\"wp-page\" data-elementor-id=\"5369\" class=\"elementor elementor-5369 elementor-5349\">\n\t\t\t\t\t\t<section class=\"penci-section penci-disSticky penci-structure-10 elementor-section elementor-top-section elementor-element elementor-element-c420519 elementor-section-boxed elementor-section-height-default elementor-section-height-default\" data-id=\"c420519\" data-element_type=\"section\">\n\t\t\t\t\t\t<div class=\"elementor-container elementor-column-gap-default\">\n\t\t\t\t\t<div class=\"penci-ercol-100 penci-ercol-order-1 penci-sticky-ct    elementor-column elementor-col-100 elementor-top-column elementor-element elementor-element-34a6ddf\" data-id=\"34a6ddf\" data-element_type=\"column\">\n\t\t\t<div class=\"elementor-widget-wrap elementor-element-populated\">\n\t\t\t\t\t\t<div class=\"elementor-element elementor-element-3bc2ff9 penci-h-poswrap-center penci-v-poswrap-middle elementor-widget elementor-widget-penci-custom-sliders\" data-id=\"3bc2ff9\" data-element_type=\"widget\" data-widget_type=\"penci-custom-sliders.default\">\n\t\t\t\t<div class=\"elementor-widget-container\">\n\t\t\t<div class=\"penci-block-vc penci-custom-slides\"><div class=\"penci-block_content penci-slides-wrap swiper penci-owl-carousel penci-owl-carousel-slider pcdots-dots\"  data-items=\"1\" data-auto=\"true\" data-autotime=\"4000\" data-speed=\"800\" data-anim=\"slide\" data-ceffect=\"swing\" data-seffect=\"creative\"><div class=\"swiper-wrapper\"><div class=\"swiper-slide elementor-repeater-item-58807f6 penci-ctslide-wrap\"><div class=\"penci-custom-slide\"><div class=\"penci-ctslide-bg\"><\/div><div class=\"penci-ctslide-inner\"><div class=\"penci-ctslider-bg-overlay\"><\/div><div class=\"penci-ctslider-content penci-fadeInUp\"><h2 class=\"pencislider-title\">EXCURSION DEPUIS LE PORT<\/h2><div class=\"penci-slider_btnwrap\"><a class=\"pencislider-btn pencislider-btn-1 penci-button\" href=\"https:\/\/www.shore-experience.com\/fr\/excursions-en-italie\/\" target=\"_blank\"><span>R\u00e9servez maintenant<br>votre Excursion<\/span><\/a><\/div><\/div><\/div><\/div><\/div><div class=\"swiper-slide elementor-repeater-item-ee510d3 penci-ctslide-wrap\"><div class=\"penci-custom-slide\"><div class=\"penci-ctslide-bg\"><\/div><div class=\"penci-ctslide-inner\"><div class=\"penci-ctslider-bg-overlay\"><\/div><div class=\"penci-ctslider-content penci-fadeInUp\"><h2 class=\"pencislider-title\">GUIDE ALIMENTAIRE<\/h2><div class=\"penci-slider_btnwrap\"><a class=\"pencislider-btn pencislider-btn-1 penci-button\" href=\"https:\/\/www.shore-experience.com\/fr\/food-drink-tour-gastronomique\/\" target=\"_blank\"><span>R\u00e9servez maintenant<br>votre Excursion<\/span><\/a><\/div><\/div><\/div><\/div><\/div><div class=\"swiper-slide elementor-repeater-item-dcf38ed penci-ctslide-wrap\"><div class=\"penci-custom-slide\"><div class=\"penci-ctslide-bg\"><\/div><div class=\"penci-ctslide-inner\"><div class=\"penci-ctslider-bg-overlay\"><\/div><div class=\"penci-ctslider-content penci-fadeInUp\"><h2 class=\"pencislider-title\">QUE VISITER<\/h2><div class=\"penci-slider_btnwrap\"><a class=\"pencislider-btn pencislider-btn-1 penci-button\" href=\"https:\/\/www.shore-experience.com\/fr\/visites-guidees\/\" target=\"_blank\"><span>R\u00e9servez maintenant<br>votre Excursion<\/span><\/a><\/div><\/div><\/div><\/div><\/div><\/div><\/div><\/div>\t\t<\/div>\n\t\t\t\t<\/div>\n\t\t\t\t\t<\/div>\n\t\t<\/div>\n\t\t\t\t\t<\/div>\n\t\t<\/section>\n\t\t\t\t<section class=\"penci-section penci-disSticky penci-structure-10 elementor-section elementor-top-section elementor-element elementor-element-5e29642 elementor-section-boxed elementor-section-height-default elementor-section-height-default\" data-id=\"5e29642\" data-element_type=\"section\">\n\t\t\t\t\t\t<div class=\"elementor-container elementor-column-gap-default\">\n\t\t\t\t\t<div class=\"penci-ercol-100 penci-ercol-order-1 penci-sticky-ct    elementor-column elementor-col-100 elementor-top-column elementor-element elementor-element-f7a5d4c\" data-id=\"f7a5d4c\" data-element_type=\"column\">\n\t\t\t<div class=\"elementor-widget-wrap elementor-element-populated\">\n\t\t\t\t\t\t<div class=\"elementor-element elementor-element-d15ff8f elementor-widget elementor-widget-penci-big-grid\" data-id=\"d15ff8f\" data-element_type=\"widget\" data-widget_type=\"penci-big-grid.default\">\n\t\t\t\t<div class=\"elementor-widget-container\">\n\t\t\t        <div class=\"penci-clearfix penci-biggrid-wrapper penci-grid-col-3 penci-grid-tcol-2 penci-grid-mcol-1 penci-bgrid-based-post penci-bgrid-style-1 pcbg-ficonpo-top-right pcbg-reiconpo-top-left penci-bgrid-content-on pencibg-imageh-zoom-in pencibg-texth-none pencibg-textani-movetop textop\">\r\n\t\t\t            <div class=\"penci-clearfix penci-biggrid penci-bgstyle-1 penci-bgel\">\r\n                <div class=\"penci-biggrid-inner default\">\r\n\t\t\t\t\t<div class=\"penci-clearfix penci-biggrid-data penci-dflex\"><div class=\"penci-bgitem\">\r\n    <div class=\"penci-bgitin\">\r\n        <div class=\"penci-bgmain\">\r\n            <div class=\"pcbg-thumb\">\r\n\t\t\t\t\t\t\t\t                <div class=\"pcbg-thumbin\">\r\n                    <a class=\"pcbg-bgoverlay\"\r\n                       href=\"https:\/\/www.shore-experience.com\/magazine\/fr\/a-la-decouverte-des-cinque-terre-votre-guide-ultime-pour-les-croisieres\/\" title=\"\u00c0 la d\u00e9couverte des Cinque Terre : votre guide ultime pour les croisi\u00e8res\"><\/a>\r\n\t\t\t\t\t                        <div class=\"penci-image-holder penci-lazy\"                             data-bgset=\"https:\/\/www.shore-experience.com\/magazine\/wp-content\/uploads\/2024\/03\/AdobeStock_81716483-1-1024x680-1-585x388.jpeg\" data_bg_hidpi=\"https:\/\/www.shore-experience.com\/magazine\/wp-content\/uploads\/2024\/03\/AdobeStock_81716483-1-1024x680-1-585x388.jpeg\"\r\n                             data-sizes=\"(max-width: 767px) 585px, 585px\">\r\n                        <\/div>\r\n\t\t\t\t\t                <\/div>\r\n            <\/div>\r\n            <div class=\"pcbg-content\">\r\n                <div class=\"pcbg-content-flex\">\r\n                    <a class=\"pcbg-bgoverlay active-overlay\"\r\n                       href=\"https:\/\/www.shore-experience.com\/magazine\/fr\/a-la-decouverte-des-cinque-terre-votre-guide-ultime-pour-les-croisieres\/\" title=\"\u00c0 la d\u00e9couverte des Cinque Terre : votre guide ultime pour les croisi\u00e8res\"><\/a>\r\n                    <div class=\"pcbg-content-inner bgcontent-block\">\r\n                        <a href=\"https:\/\/www.shore-experience.com\/magazine\/fr\/a-la-decouverte-des-cinque-terre-votre-guide-ultime-pour-les-croisieres\/\" title=\"\u00c0 la d\u00e9couverte des Cinque Terre : votre guide ultime pour les croisi\u00e8res\"\r\n                           class=\"pcbg-bgoverlaytext item-hover\"><\/a>\r\n\r\n\t\t\t\t\t\t\r\n\t\t\t\t\t\t                            <div class=\"pcbg-heading item-hover\">\r\n                                <h3 class=\"pcbg-title\">\r\n                                    <a href=\"https:\/\/www.shore-experience.com\/magazine\/fr\/a-la-decouverte-des-cinque-terre-votre-guide-ultime-pour-les-croisieres\/\">\r\n\t\t\t\t\t\t\t\t\t\t\u00c0 la d\u00e9couverte des Cinque Terre : votre guide ultime pour les croisi\u00e8res                                    <\/a>\r\n                                <\/h3>\r\n                            <\/div>\r\n\t\t\t\t\t\t\r\n\t\t\t\t\t\t\r\n\t\t\t\t\t\t                    <\/div>\r\n                <\/div>\r\n            <\/div>\r\n        <\/div>\r\n    <\/div>\r\n<\/div>\r\n<\/div>                <\/div>\r\n\t\t\t\t            <\/div>\r\n        <\/div>\r\n\t\t\t\t<\/div>\n\t\t\t\t<\/div>\n\t\t\t\t\t<\/div>\n\t\t<\/div>\n\t\t\t\t\t<\/div>\n\t\t<\/section>\n\t\t\t\t<\/div>\n\t\t","protected":false},"excerpt":{"rendered":"<p>EXCURSION DEPUIS LE PORT R\u00e9servez maintenantvotre Excursion GUIDE ALIMENTAIRE R\u00e9servez maintenantvotre Excursion QUE VISITER R\u00e9servez maintenantvotre Excursion \u00c0 la d\u00e9couverte des Cinque Terre : votre guide ultime pour les croisi\u00e8res<\/p>\n","protected":false},"author":1,"featured_media":0,"parent":2855,"menu_order":0,"comment_status":"closed","ping_status":"closed","template":"page-vc.php","meta":{"footnotes":""},"yoast_head":"<!-- This site is optimized with the Yoast SEO plugin v23.0 - https:\/\/yoast.com\/wordpress\/plugins\/seo\/ -->\n<title>Guide de la cuisine italienne : Plats incontournables pour les croisi\u00e9ristes en Italie<\/title>\n<meta name=\"description\" content=\"Explorez les plats embl\u00e9matiques de l&#039;Italie tels que les p\u00e2tes, la pizza, le gelato et bien d&#039;autres encore. D\u00e9couvrez les meilleurs plats locaux \u00e0 d\u00e9guster lors de votre croisi\u00e8re dans les ports italiens.\" \/>\n<meta name=\"robots\" content=\"index, follow, max-snippet:-1, max-image-preview:large, max-video-preview:-1\" \/>\n<link rel=\"canonical\" href=\"https:\/\/www.shore-experience.com\/magazine\/fr\/en-savoir-plus-sur\/aventure\/\" \/>\n<meta property=\"og:locale\" content=\"fr_FR\" \/>\n<meta property=\"og:type\" content=\"article\" \/>\n<meta property=\"og:title\" content=\"Guide de la cuisine italienne : Plats incontournables pour les croisi\u00e9ristes en Italie\" \/>\n<meta property=\"og:description\" content=\"Explorez les plats embl\u00e9matiques de l&#039;Italie tels que les p\u00e2tes, la pizza, le gelato et bien d&#039;autres encore. D\u00e9couvrez les meilleurs plats locaux \u00e0 d\u00e9guster lors de votre croisi\u00e8re dans les ports italiens.\" \/>\n<meta property=\"og:url\" content=\"https:\/\/www.shore-experience.com\/magazine\/fr\/en-savoir-plus-sur\/aventure\/\" \/>\n<meta property=\"og:site_name\" content=\"https:\/\/www.shore-experience.com\/magazine\/\" \/>\n<meta property=\"article:modified_time\" content=\"2024-10-31T18:30:04+00:00\" \/>\n<meta name=\"twitter:card\" content=\"summary_large_image\" \/>\n<meta name=\"twitter:label1\" content=\"Dur\u00e9e de lecture estim\u00e9e\" \/>\n\t<meta name=\"twitter:data1\" content=\"1 minute\" \/>\n<script type=\"application\/ld+json\" class=\"yoast-schema-graph\">{\"@context\":\"https:\/\/schema.org\",\"@graph\":[{\"@type\":\"WebPage\",\"@id\":\"https:\/\/www.shore-experience.com\/magazine\/fr\/en-savoir-plus-sur\/aventure\/\",\"url\":\"https:\/\/www.shore-experience.com\/magazine\/fr\/en-savoir-plus-sur\/aventure\/\",\"name\":\"Guide de la cuisine italienne : Plats incontournables pour les croisi\u00e9ristes en Italie\",\"isPartOf\":{\"@id\":\"https:\/\/www.shore-experience.com\/magazine\/#website\"},\"datePublished\":\"2024-10-31T14:01:03+00:00\",\"dateModified\":\"2024-10-31T18:30:04+00:00\",\"description\":\"Explorez les plats embl\u00e9matiques de l'Italie tels que les p\u00e2tes, la pizza, le gelato et bien d'autres encore. D\u00e9couvrez les meilleurs plats locaux \u00e0 d\u00e9guster lors de votre croisi\u00e8re dans les ports italiens.\",\"breadcrumb\":{\"@id\":\"https:\/\/www.shore-experience.com\/magazine\/fr\/en-savoir-plus-sur\/aventure\/#breadcrumb\"},\"inLanguage\":\"fr-FR\",\"potentialAction\":[{\"@type\":\"ReadAction\",\"target\":[\"https:\/\/www.shore-experience.com\/magazine\/fr\/en-savoir-plus-sur\/aventure\/\"]}]},{\"@type\":\"BreadcrumbList\",\"@id\":\"https:\/\/www.shore-experience.com\/magazine\/fr\/en-savoir-plus-sur\/aventure\/#breadcrumb\",\"itemListElement\":[{\"@type\":\"ListItem\",\"position\":1,\"name\":\"Home\",\"item\":\"https:\/\/www.shore-experience.com\/magazine\/\"},{\"@type\":\"ListItem\",\"position\":2,\"name\":\"EN SAVOIR PLUS SUR\",\"item\":\"https:\/\/www.shore-experience.com\/magazine\/fr\/en-savoir-plus-sur\/\"},{\"@type\":\"ListItem\",\"position\":3,\"name\":\"Aventure\"}]},{\"@type\":\"WebSite\",\"@id\":\"https:\/\/www.shore-experience.com\/magazine\/#website\",\"url\":\"https:\/\/www.shore-experience.com\/magazine\/\",\"name\":\"https:\/\/www.shore-experience.com\/magazine\/\",\"description\":\"The official Tour Operator of City\",\"potentialAction\":[{\"@type\":\"SearchAction\",\"target\":{\"@type\":\"EntryPoint\",\"urlTemplate\":\"https:\/\/www.shore-experience.com\/magazine\/?s={search_term_string}\"},\"query-input\":\"required name=search_term_string\"}],\"inLanguage\":\"fr-FR\"}]}<\/script>\n<!-- \/ Yoast SEO plugin. -->","yoast_head_json":{"title":"Guide de la cuisine italienne : Plats incontournables pour les croisi\u00e9ristes en Italie","description":"Explorez les plats embl\u00e9matiques de l'Italie tels que les p\u00e2tes, la pizza, le gelato et bien d'autres encore. D\u00e9couvrez les meilleurs plats locaux \u00e0 d\u00e9guster lors de votre croisi\u00e8re dans les ports italiens.","robots":{"index":"index","follow":"follow","max-snippet":"max-snippet:-1","max-image-preview":"max-image-preview:large","max-video-preview":"max-video-preview:-1"},"canonical":"https:\/\/www.shore-experience.com\/magazine\/fr\/en-savoir-plus-sur\/aventure\/","og_locale":"fr_FR","og_type":"article","og_title":"Guide de la cuisine italienne : Plats incontournables pour les croisi\u00e9ristes en Italie","og_description":"Explorez les plats embl\u00e9matiques de l'Italie tels que les p\u00e2tes, la pizza, le gelato et bien d'autres encore. D\u00e9couvrez les meilleurs plats locaux \u00e0 d\u00e9guster lors de votre croisi\u00e8re dans les ports italiens.","og_url":"https:\/\/www.shore-experience.com\/magazine\/fr\/en-savoir-plus-sur\/aventure\/","og_site_name":"https:\/\/www.shore-experience.com\/magazine\/","article_modified_time":"2024-10-31T18:30:04+00:00","twitter_card":"summary_large_image","twitter_misc":{"Dur\u00e9e de lecture estim\u00e9e":"1 minute"},"schema":{"@context":"https:\/\/schema.org","@graph":[{"@type":"WebPage","@id":"https:\/\/www.shore-experience.com\/magazine\/fr\/en-savoir-plus-sur\/aventure\/","url":"https:\/\/www.shore-experience.com\/magazine\/fr\/en-savoir-plus-sur\/aventure\/","name":"Guide de la cuisine italienne : Plats incontournables pour les croisi\u00e9ristes en Italie","isPartOf":{"@id":"https:\/\/www.shore-experience.com\/magazine\/#website"},"datePublished":"2024-10-31T14:01:03+00:00","dateModified":"2024-10-31T18:30:04+00:00","description":"Explorez les plats embl\u00e9matiques de l'Italie tels que les p\u00e2tes, la pizza, le gelato et bien d'autres encore. D\u00e9couvrez les meilleurs plats locaux \u00e0 d\u00e9guster lors de votre croisi\u00e8re dans les ports italiens.","breadcrumb":{"@id":"https:\/\/www.shore-experience.com\/magazine\/fr\/en-savoir-plus-sur\/aventure\/#breadcrumb"},"inLanguage":"fr-FR","potentialAction":[{"@type":"ReadAction","target":["https:\/\/www.shore-experience.com\/magazine\/fr\/en-savoir-plus-sur\/aventure\/"]}]},{"@type":"BreadcrumbList","@id":"https:\/\/www.shore-experience.com\/magazine\/fr\/en-savoir-plus-sur\/aventure\/#breadcrumb","itemListElement":[{"@type":"ListItem","position":1,"name":"Home","item":"https:\/\/www.shore-experience.com\/magazine\/"},{"@type":"ListItem","position":2,"name":"EN SAVOIR PLUS SUR","item":"https:\/\/www.shore-experience.com\/magazine\/fr\/en-savoir-plus-sur\/"},{"@type":"ListItem","position":3,"name":"Aventure"}]},{"@type":"WebSite","@id":"https:\/\/www.shore-experience.com\/magazine\/#website","url":"https:\/\/www.shore-experience.com\/magazine\/","name":"https:\/\/www.shore-experience.com\/magazine\/","description":"The official Tour Operator of City","potentialAction":[{"@type":"SearchAction","target":{"@type":"EntryPoint","urlTemplate":"https:\/\/www.shore-experience.com\/magazine\/?s={search_term_string}"},"query-input":"required name=search_term_string"}],"inLanguage":"fr-FR"}]}},"_links":{"self":[{"href":"https:\/\/www.shore-experience.com\/magazine\/fr\/wp-json\/wp\/v2\/pages\/5369"}],"collection":[{"href":"https:\/\/www.shore-experience.com\/magazine\/fr\/wp-json\/wp\/v2\/pages"}],"about":[{"href":"https:\/\/www.shore-experience.com\/magazine\/fr\/wp-json\/wp\/v2\/types\/page"}],"author":[{"embeddable":true,"href":"https:\/\/www.shore-experience.com\/magazine\/fr\/wp-json\/wp\/v2\/users\/1"}],"replies":[{"embeddable":true,"href":"https:\/\/www.shore-experience.com\/magazine\/fr\/wp-json\/wp\/v2\/comments?post=5369"}],"version-history":[{"count":4,"href":"https:\/\/www.shore-experience.com\/magazine\/fr\/wp-json\/wp\/v2\/pages\/5369\/revisions"}],"predecessor-version":[{"id":5693,"href":"https:\/\/www.shore-experience.com\/magazine\/fr\/wp-json\/wp\/v2\/pages\/5369\/revisions\/5693"}],"up":[{"embeddable":true,"href":"https:\/\/www.shore-experience.com\/magazine\/fr\/wp-json\/wp\/v2\/pages\/2855"}],"wp:attachment":[{"href":"https:\/\/www.shore-experience.com\/magazine\/fr\/wp-json\/wp\/v2\/media?parent=5369"}],"curies":[{"name":"wp","href":"https:\/\/api.w.org\/{rel}","templated":true}]}}